{"id":26,"date":"2013-04-05T22:37:37","date_gmt":"2013-04-05T22:37:37","guid":{"rendered":"http:\/\/www.ag-travel.org\/?page_id=26"},"modified":"2022-10-20T13:03:16","modified_gmt":"2022-10-20T11:03:16","slug":"medjugorje","status":"publish","type":"page","link":"https:\/\/www.hotel-cesarica.com\/it\/medjugorje\/","title":{"rendered":"Medjugorje"},"content":{"rendered":"<p>Me\u0111ugorje si trova fra due monti a 200 metri sul livello del mare ed ha un clima mediterraneo temperato. La Parrocchia di Me\u0111ugorje \u00e8 stata fondata nel 1892 ed \u00e8 stata posta sotto la protezione di San Giacomo Apostolo. Secondo la testimonianza di sei giovani parrocchiani, la Madonna appare ogni giorno dal 24.06.1981 e ogni 25 del mese d\u00e0 un messaggio al mondo. Un cammino ripido e stretto che si puo vedere anche da lontano, per il quale sono passati milioni di pellegrini, conduce dalle case verso il luogo delle apparizioni \u2013 il monte Crnica. I pellegrini pregano la \u201cVia Crucis\u201d nel Krizevac, ascendendo per un sentiero molto difficoltoso e ripido. Un gran numero di persone hanno detto aver visto diversi segni luminosi ed altro su questo monte.<\/p>\n<p><a href=\"https:\/\/www.hotel-cesarica.com\/wp-content\/uploads\/2013\/04\/medjugorjecesarica3.jpg\" rel=\"fancybox[26]\"><img loading=\"lazy\" src=\"http:\/\/www.hotel-cesarica.com\/wp-content\/uploads\/2013\/04\/medjugorjecesarica3-150x150.jpg\" alt=\"medjugorjecesarica3\" width=\"150\" height=\"150\" class=\"alignleft size-thumbnail wp-image-259\" srcset=\"https:\/\/www.hotel-cesarica.com\/wp-content\/uploads\/2013\/04\/medjugorjecesarica3-150x150.jpg 150w, https:\/\/www.hotel-cesarica.com\/wp-content\/uploads\/2013\/04\/medjugorjecesarica3-314x314.jpg 314w\" sizes=\"(max-width: 150px) 100vw, 150px\" \/><\/a><\/p>\n<p><a href=\"https:\/\/www.hotel-cesarica.com\/wp-content\/uploads\/2013\/04\/medjugorjecesarica4.jpg\" rel=\"fancybox[26]\"><img loading=\"lazy\" src=\"http:\/\/www.hotel-cesarica.com\/wp-content\/uploads\/2013\/04\/medjugorjecesarica4-150x150.jpg\" alt=\"medjugorjecesarica4\" width=\"150\" height=\"150\" class=\"alignleft size-thumbnail wp-image-260\" srcset=\"https:\/\/www.hotel-cesarica.com\/wp-content\/uploads\/2013\/04\/medjugorjecesarica4-150x150.jpg 150w, https:\/\/www.hotel-cesarica.com\/wp-content\/uploads\/2013\/04\/medjugorjecesarica4-314x314.jpg 314w\" sizes=\"(max-width: 150px) 100vw, 150px\" \/><\/a><\/p>\n<p><a href=\"https:\/\/www.hotel-cesarica.com\/wp-content\/uploads\/2013\/04\/medjugorjecesarica5.jpg\" rel=\"fancybox[26]\"><img loading=\"lazy\" src=\"http:\/\/www.hotel-cesarica.com\/wp-content\/uploads\/2013\/04\/medjugorjecesarica5-150x150.jpg\" alt=\"medjugorjecesarica5\" width=\"150\" height=\"150\" class=\"alignleft size-thumbnail wp-image-261\" srcset=\"https:\/\/www.hotel-cesarica.com\/wp-content\/uploads\/2013\/04\/medjugorjecesarica5-150x150.jpg 150w, https:\/\/www.hotel-cesarica.com\/wp-content\/uploads\/2013\/04\/medjugorjecesarica5-314x314.jpg 314w\" sizes=\"(max-width: 150px) 100vw, 150px\" \/><\/a><\/p>\n<p><a href=\"https:\/\/www.hotel-cesarica.com\/wp-content\/uploads\/2013\/03\/podbrdo.jpg\" rel=\"fancybox[26]\"><img loading=\"lazy\" src=\"http:\/\/www.hotel-cesarica.com\/wp-content\/uploads\/2013\/03\/podbrdo-150x150.jpg\" alt=\"medjugorjecesarica1\" width=\"150\" height=\"150\" class=\"alignleft size-thumbnail wp-image-262\" \/><\/a><\/p>\n<p><a href=\"https:\/\/www.hotel-cesarica.com\/wp-content\/uploads\/2013\/04\/slider-crkva-night.jpg\" rel=\"fancybox[26]\"><img loading=\"lazy\" src=\"http:\/\/www.hotel-cesarica.com\/wp-content\/uploads\/2013\/04\/slider-crkva-night-150x150.jpg\" alt=\"medjugorjecesarica2\" width=\"150\" height=\"150\" class=\"alignleft size-thumbnail wp-image-263\" \/><\/a><\/p>\n<p><a href=\"https:\/\/www.hotel-cesarica.com\/wp-content\/uploads\/2013\/04\/35112_447836895465_1006467_n.jpg\" rel=\"fancybox[26]\"><img loading=\"lazy\" src=\"http:\/\/www.hotel-cesarica.com\/wp-content\/uploads\/2013\/04\/35112_447836895465_1006467_n-150x150.jpg\" alt=\"35112_447836895465_1006467_n\" width=\"150\" height=\"150\" class=\"alignleft size-thumbnail wp-image-266\" srcset=\"https:\/\/www.hotel-cesarica.com\/wp-content\/uploads\/2013\/04\/35112_447836895465_1006467_n-150x150.jpg 150w, https:\/\/www.hotel-cesarica.com\/wp-content\/uploads\/2013\/04\/35112_447836895465_1006467_n-314x314.jpg 314w\" sizes=\"(max-width: 150px) 100vw, 150px\" \/><\/a><\/p>","protected":false},"excerpt":{"rendered":"<p>Me\u0111ugorje si trova fra due monti a 200 metri sul livello del mare ed ha un clima mediterraneo temperato. La Parrocchia di Me\u0111ugorje \u00e8 stata fondata nel 1892 ed \u00e8 stata posta sotto la protezione di San Giacomo Apostolo. Secondo la testimonianza di sei giovani parrocchiani, la Madonna appare ogni[&#8230;]<\/p>\n","protected":false},"author":6,"featured_media":0,"parent":0,"menu_order":0,"comment_status":"open","ping_status":"closed","template":"template-fullwidth.php","meta":[],"_links":{"self":[{"href":"https:\/\/www.hotel-cesarica.com\/it\/wp-json\/wp\/v2\/pages\/26"}],"collection":[{"href":"https:\/\/www.hotel-cesarica.com\/it\/wp-json\/wp\/v2\/pages"}],"about":[{"href":"https:\/\/www.hotel-cesarica.com\/it\/wp-json\/wp\/v2\/types\/page"}],"author":[{"embeddable":true,"href":"https:\/\/www.hotel-cesarica.com\/it\/wp-json\/wp\/v2\/users\/6"}],"replies":[{"embeddable":true,"href":"https:\/\/www.hotel-cesarica.com\/it\/wp-json\/wp\/v2\/comments?post=26"}],"version-history":[{"count":4,"href":"https:\/\/www.hotel-cesarica.com\/it\/wp-json\/wp\/v2\/pages\/26\/revisions"}],"predecessor-version":[{"id":50636,"href":"https:\/\/www.hotel-cesarica.com\/it\/wp-json\/wp\/v2\/pages\/26\/revisions\/50636"}],"wp:attachment":[{"href":"https:\/\/www.hotel-cesarica.com\/it\/wp-json\/wp\/v2\/media?parent=26"}],"curies":[{"name":"wp","href":"https:\/\/api.w.org\/{rel}","templated":true}]}}