{"id":26,"date":"2013-04-05T22:37:37","date_gmt":"2013-04-05T22:37:37","guid":{"rendered":"http:\/\/www.ag-travel.org\/?page_id=26"},"modified":"2022-10-20T13:03:16","modified_gmt":"2022-10-20T11:03:16","slug":"medjugorje","status":"publish","type":"page","link":"https:\/\/www.hotel-cesarica.com\/es\/medjugorje\/","title":{"rendered":"Medjugorje"},"content":{"rendered":"<p>Medjugorje se encuentra entre dos colinas a una altura de 200 metros sobre el nivel del mar con un clima mediterr\u00e1neo templado. La parroquia de Medjugorje se estableci\u00f3 en 1982 cuando se coloc\u00f3 bajo la protecci\u00f3n de Santiago, patr\u00f3n de los peregrinos. En 1981 Medjugorje se convirti\u00f3 en punto de encuentro de peregrinos de todo el mundo. Seg\u00fan el testimonio de seis j\u00f3venes feligreses, la Virgen Mar\u00eda viene apareciendo regularmente todos los d\u00edas desde el 24.06.1981. y el 25 de cada mes env\u00eda mensajes de paz al mundo. Un camino empinado, ensanchado y transitado por millones de peregrinos que han visitado el lugar hasta ahora, se puede ver desde la distancia y conduce desde las casas del pueblo hasta la Colina de las Apariciones, el lugar de la primera aparici\u00f3n de Nuestra Se\u00f1ora en la monta\u00f1a Crnica. Los peregrinos practican su devoci\u00f3n por el V\u00eda Crucis en la monta\u00f1a de la Cruz subiendo por un camino dif\u00edcil, casi imposible. La mayor\u00eda de la gente afirma haber visto varias se\u00f1ales luminosas y otras de la aparici\u00f3n de nuestra Se\u00f1ora en esta cruz.<\/p>\n<p><a href=\"https:\/\/www.hotel-cesarica.com\/wp-content\/uploads\/2013\/04\/medjugorjecesarica3.jpg\" rel=\"fancybox[26]\"><img loading=\"lazy\" src=\"http:\/\/www.hotel-cesarica.com\/wp-content\/uploads\/2013\/04\/medjugorjecesarica3-150x150.jpg\" alt=\"medjugorjecesarica3\" width=\"150\" height=\"150\" class=\"alignleft size-thumbnail wp-image-259\" srcset=\"https:\/\/www.hotel-cesarica.com\/wp-content\/uploads\/2013\/04\/medjugorjecesarica3-150x150.jpg 150w, https:\/\/www.hotel-cesarica.com\/wp-content\/uploads\/2013\/04\/medjugorjecesarica3-314x314.jpg 314w\" sizes=\"(max-width: 150px) 100vw, 150px\" \/><\/a><\/p>\n<p><a href=\"https:\/\/www.hotel-cesarica.com\/wp-content\/uploads\/2013\/04\/medjugorjecesarica4.jpg\" rel=\"fancybox[26]\"><img loading=\"lazy\" src=\"http:\/\/www.hotel-cesarica.com\/wp-content\/uploads\/2013\/04\/medjugorjecesarica4-150x150.jpg\" alt=\"medjugorjecesarica4\" width=\"150\" height=\"150\" class=\"alignleft size-thumbnail wp-image-260\" srcset=\"https:\/\/www.hotel-cesarica.com\/wp-content\/uploads\/2013\/04\/medjugorjecesarica4-150x150.jpg 150w, https:\/\/www.hotel-cesarica.com\/wp-content\/uploads\/2013\/04\/medjugorjecesarica4-314x314.jpg 314w\" sizes=\"(max-width: 150px) 100vw, 150px\" \/><\/a><\/p>\n<p><a href=\"https:\/\/www.hotel-cesarica.com\/wp-content\/uploads\/2013\/04\/medjugorjecesarica5.jpg\" rel=\"fancybox[26]\"><img loading=\"lazy\" src=\"http:\/\/www.hotel-cesarica.com\/wp-content\/uploads\/2013\/04\/medjugorjecesarica5-150x150.jpg\" alt=\"medjugorjecesarica5\" width=\"150\" height=\"150\" class=\"alignleft size-thumbnail wp-image-261\" srcset=\"https:\/\/www.hotel-cesarica.com\/wp-content\/uploads\/2013\/04\/medjugorjecesarica5-150x150.jpg 150w, https:\/\/www.hotel-cesarica.com\/wp-content\/uploads\/2013\/04\/medjugorjecesarica5-314x314.jpg 314w\" sizes=\"(max-width: 150px) 100vw, 150px\" \/><\/a><\/p>\n<p><a href=\"https:\/\/www.hotel-cesarica.com\/wp-content\/uploads\/2013\/03\/podbrdo.jpg\" rel=\"fancybox[26]\"><img loading=\"lazy\" src=\"http:\/\/www.hotel-cesarica.com\/wp-content\/uploads\/2013\/03\/podbrdo-150x150.jpg\" alt=\"medjugorjecesarica1\" width=\"150\" height=\"150\" class=\"alignleft size-thumbnail wp-image-262\" \/><\/a><\/p>\n<p><a href=\"https:\/\/www.hotel-cesarica.com\/wp-content\/uploads\/2013\/04\/slider-crkva-night.jpg\" rel=\"fancybox[26]\"><img loading=\"lazy\" src=\"http:\/\/www.hotel-cesarica.com\/wp-content\/uploads\/2013\/04\/slider-crkva-night-150x150.jpg\" alt=\"medjugorjecesarica2\" width=\"150\" height=\"150\" class=\"alignleft size-thumbnail wp-image-263\" \/><\/a><\/p>\n<p><a href=\"https:\/\/www.hotel-cesarica.com\/wp-content\/uploads\/2013\/04\/35112_447836895465_1006467_n.jpg\" rel=\"fancybox[26]\"><img loading=\"lazy\" src=\"http:\/\/www.hotel-cesarica.com\/wp-content\/uploads\/2013\/04\/35112_447836895465_1006467_n-150x150.jpg\" alt=\"35112_447836895465_1006467_n\" width=\"150\" height=\"150\" class=\"alignleft size-thumbnail wp-image-266\" srcset=\"https:\/\/www.hotel-cesarica.com\/wp-content\/uploads\/2013\/04\/35112_447836895465_1006467_n-150x150.jpg 150w, https:\/\/www.hotel-cesarica.com\/wp-content\/uploads\/2013\/04\/35112_447836895465_1006467_n-314x314.jpg 314w\" sizes=\"(max-width: 150px) 100vw, 150px\" \/><\/a><\/p>","protected":false},"excerpt":{"rendered":"<p>Medjugorje se encuentra entre dos colinas a una altura de 200 metros sobre el nivel del mar con un clima mediterr\u00e1neo templado. La parroquia de Medjugorje se estableci\u00f3 en 1982 cuando se coloc\u00f3 bajo la protecci\u00f3n de Santiago, patr\u00f3n de los peregrinos. En 1981 Medjugorje se convirti\u00f3 en punto de[&#8230;]<\/p>\n","protected":false},"author":6,"featured_media":0,"parent":0,"menu_order":0,"comment_status":"open","ping_status":"closed","template":"template-fullwidth.php","meta":[],"_links":{"self":[{"href":"https:\/\/www.hotel-cesarica.com\/es\/wp-json\/wp\/v2\/pages\/26"}],"collection":[{"href":"https:\/\/www.hotel-cesarica.com\/es\/wp-json\/wp\/v2\/pages"}],"about":[{"href":"https:\/\/www.hotel-cesarica.com\/es\/wp-json\/wp\/v2\/types\/page"}],"author":[{"embeddable":true,"href":"https:\/\/www.hotel-cesarica.com\/es\/wp-json\/wp\/v2\/users\/6"}],"replies":[{"embeddable":true,"href":"https:\/\/www.hotel-cesarica.com\/es\/wp-json\/wp\/v2\/comments?post=26"}],"version-history":[{"count":4,"href":"https:\/\/www.hotel-cesarica.com\/es\/wp-json\/wp\/v2\/pages\/26\/revisions"}],"predecessor-version":[{"id":50636,"href":"https:\/\/www.hotel-cesarica.com\/es\/wp-json\/wp\/v2\/pages\/26\/revisions\/50636"}],"wp:attachment":[{"href":"https:\/\/www.hotel-cesarica.com\/es\/wp-json\/wp\/v2\/media?parent=26"}],"curies":[{"name":"wp","href":"https:\/\/api.w.org\/{rel}","templated":true}]}}