{"id":2,"date":"2013-03-11T13:54:22","date_gmt":"2013-03-11T13:54:22","guid":{"rendered":"http:\/\/www.ag-travel.org\/?page_id=2"},"modified":"2023-06-12T10:02:26","modified_gmt":"2023-06-12T08:02:26","slug":"sample-page","status":"publish","type":"page","link":"https:\/\/www.hotel-cesarica.com\/de\/","title":{"rendered":"WILLKOMMEN IM HOTEL &#8222;CESARICA&#8220;"},"content":{"rendered":"<p><a href=\"http:\/\/www.hotel-cesarica.com\/wp-content\/uploads\/2013\/03\/hotel-cesarica-1.jpg\" rel=\"fancybox[2]\"><img loading=\"lazy\" src=\"http:\/\/www.hotel-cesarica.com\/wp-content\/uploads\/2013\/03\/hotel-cesarica-1.jpg\" alt=\"hotel cesarica 1\" width=\"180\" height=\"154\" class=\"alignleft size-full wp-image-69\" \/><\/a><\/p>\n<p align=\"justify\">Unser Familienhotel befindet sich 200 m von der St. Jakobus Kirche entfernt, in einer ruhigen Lage, ideal f\u00fcr Gebet und Meditation. Hotel Cesarica ist modern und auf hohem Standard ausgestattet, was den Bed\u00fcrfnissen unserer G\u00e4ste entspricht. Es verf\u00fcgt \u00fcber einen Aufzug, klimatisierte Zimmer mit Internetzugang um den W\u00fcnschen unserer G\u00e4ste gerecht zu werden. Unsere K\u00fcche bietet eine Vielfalt an lokalen und internationalen Gerichten, die in Verbindung mit einem Glas Wein aus unserem Familienweinkeller mit \u00fcber 150 Jahre Tradition einen Geschmack bekommen, der lange in Erinnerung bleibt. Im Erdgeschoss befindet sich ein klimatisiertes Restaurant mit der Kapazit\u00e4t von 120 Sitzpl\u00e4tzen, eine Wein Bar sowie eine ger\u00e4umige Konferenzhalle, die f\u00fcr Vortr\u00e4ge, gemeinsame oder pers\u00f6nliche Gebetstreffen ben\u00fctzt werden kann. Vor dem Hotel gibt es einen gro\u00dfen Parkplatz f\u00fcr unsere G\u00e4ste. Auf Wunsch unserer G\u00e4ste organisieren wir f\u00fcr Gruppen wie auch f\u00fcr individuelle G\u00e4ste den Transport vom und zum Flughafen, so wie auch Ausfl\u00fcge zu gew\u00fcnschten Zielen. Eine besondere Freude bereitet uns die M\u00f6glichkeit organisierte Weinverkostungstouren durch Herzegowina, sowie Verkostung erlesener, selektierter \u201eCarska\u201c Weine in unserem Familienweinkeller anbieten zu k\u00f6nnen.\n<\/p>\n<p><\/p>","protected":false},"excerpt":{"rendered":"<p>Unser Familienhotel befindet sich 200 m von der St. Jakobus Kirche entfernt, in einer ruhigen Lage, ideal f\u00fcr Gebet und Meditation. Hotel Cesarica ist modern und auf hohem Standard ausgestattet, was den Bed\u00fcrfnissen unserer G\u00e4ste entspricht. Es verf\u00fcgt \u00fcber einen Aufzug, klimatisierte Zimmer mit Internetzugang um den W\u00fcnschen unserer G\u00e4ste[&#8230;]<\/p>\n","protected":false},"author":6,"featured_media":0,"parent":0,"menu_order":0,"comment_status":"open","ping_status":"closed","template":"template-front.php","meta":[],"_links":{"self":[{"href":"https:\/\/www.hotel-cesarica.com\/de\/wp-json\/wp\/v2\/pages\/2"}],"collection":[{"href":"https:\/\/www.hotel-cesarica.com\/de\/wp-json\/wp\/v2\/pages"}],"about":[{"href":"https:\/\/www.hotel-cesarica.com\/de\/wp-json\/wp\/v2\/types\/page"}],"author":[{"embeddable":true,"href":"https:\/\/www.hotel-cesarica.com\/de\/wp-json\/wp\/v2\/users\/6"}],"replies":[{"embeddable":true,"href":"https:\/\/www.hotel-cesarica.com\/de\/wp-json\/wp\/v2\/comments?post=2"}],"version-history":[{"count":5,"href":"https:\/\/www.hotel-cesarica.com\/de\/wp-json\/wp\/v2\/pages\/2\/revisions"}],"predecessor-version":[{"id":50642,"href":"https:\/\/www.hotel-cesarica.com\/de\/wp-json\/wp\/v2\/pages\/2\/revisions\/50642"}],"wp:attachment":[{"href":"https:\/\/www.hotel-cesarica.com\/de\/wp-json\/wp\/v2\/media?parent=2"}],"curies":[{"name":"wp","href":"https:\/\/api.w.org\/{rel}","templated":true}]}}